{"id":20,"date":"2024-03-13T14:28:38","date_gmt":"2024-03-13T14:28:38","guid":{"rendered":"https:\/\/lactis.ro\/?page_id=20"},"modified":"2024-12-10T16:18:08","modified_gmt":"2024-12-10T16:18:08","slug":"lactis-lactate-naturale","status":"publish","type":"page","link":"https:\/\/lactis.ro\/hu\/","title":{"rendered":"Lactis &#8211; Lactate naturale"},"content":{"rendered":"<section class=\"bde-section-20-100 bde-section\">\n  \n\t\n\n\n\n<div class=\"section-container\"><div class=\"bde-columns-20-101 bde-columns\"><div class=\"bde-column-20-102 bde-column\">\n  \n\t\n\n\n\n<h1 class=\"bde-heading-20-104 bde-heading\">\nTerm\u00e9szetes tejterm\u00e9kek\n<\/h1>\n<\/div><div class=\"bde-column-20-103 bde-column\">\n  \n\t\n\n\n\n\n<\/div><\/div><\/div>\n<\/section><section class=\"bde-section-20-105 bde-section\">\n  \n\t\n\n\n\n<div class=\"section-container\"><h1 class=\"bde-heading-20-106 bde-heading\">\nM\u00e9r\u0151sz\u00e1maink\n<\/h1><div class=\"bde-text-20-107 bde-text\">\nA c\u00e9g m\u0171k\u00f6d\u00e9se alatt a kovetkez\u0151 sz\u00e1mokat \u00e9rte el\n<\/div><div class=\"bde-columns-20-108 bde-columns\"><div class=\"bde-column-20-109 bde-column\">\n  \n\t\n\n\n\n<div class=\"bde-image-20-114 bde-image\">\n  \n\n\n\n\n\n<figure class=\"breakdance-image breakdance-image--254\">\n\t<div class=\"breakdance-image-container\">\n\t\t<div class=\"breakdance-image-clip\">\n\t\t\t\n\t\t\t\t\n\t\t\t\t\t      \n  \n  \n  \n  \n      \n      <img loading=\"lazy\" decoding=\"async\"\n      class=\"breakdance-image-object\"\n      src=\"https:\/\/lactis.ro\/wp-content\/uploads\/2024\/04\/lactis-farmm.png\"\n      width=\"185\"\n      height=\"183\"\n      \n      \n                                                                  >\n  \n\n\t\t\t\t\t\n\t\t\t\t\t\t<\/div>\n\t<\/div>\n\n\t<\/figure>\n\n<\/div><div class=\"bde-text-20-181 bde-text\">\nFarm\n<\/div>\n<\/div><div class=\"bde-column-20-110 bde-column\">\n  \n\t\n\n\n\n<div class=\"bde-image-20-115 bde-image\">\n  \n\n\n\n\n\n<figure class=\"breakdance-image breakdance-image--248\">\n\t<div class=\"breakdance-image-container\">\n\t\t<div class=\"breakdance-image-clip\">\n\t\t\t\n\t\t\t\t\n\t\t\t\t\t      \n  \n  \n  \n  \n      \n      <img loading=\"lazy\" decoding=\"async\"\n      class=\"breakdance-image-object\"\n      src=\"https:\/\/lactis.ro\/wp-content\/uploads\/2024\/04\/lactis-tehen.png\"\n      width=\"183\"\n      height=\"183\"\n      \n      \n                                    srcset=\"https:\/\/lactis.ro\/wp-content\/uploads\/2024\/04\/lactis-tehen.png 183w, https:\/\/lactis.ro\/wp-content\/uploads\/2024\/04\/lactis-tehen-150x150.png 150w\"\n                                                                      >\n  \n\n\t\t\t\t\t\n\t\t\t\t\t\t<\/div>\n\t<\/div>\n\n\t<\/figure>\n\n<\/div><div class=\"bde-text-20-182 bde-text\">\nTeh\u00e9n\n<\/div>\n<\/div><div class=\"bde-column-20-111 bde-column\">\n  \n\t\n\n\n\n<div class=\"bde-image-20-116 bde-image\">\n  \n\n\n\n\n\n<figure class=\"breakdance-image breakdance-image--255\">\n\t<div class=\"breakdance-image-container\">\n\t\t<div class=\"breakdance-image-clip\">\n\t\t\t\n\t\t\t\t\n\t\t\t\t\t      \n  \n  \n  \n  \n      \n      <img loading=\"lazy\" decoding=\"async\"\n      class=\"breakdance-image-object\"\n      src=\"https:\/\/lactis.ro\/wp-content\/uploads\/2024\/04\/lactis-kollegaa.png\"\n      width=\"184\"\n      height=\"183\"\n      \n      \n                                    srcset=\"https:\/\/lactis.ro\/wp-content\/uploads\/2024\/04\/lactis-kollegaa.png 184w, https:\/\/lactis.ro\/wp-content\/uploads\/2024\/04\/lactis-kollegaa-150x150.png 150w\"\n                                                                      >\n  \n\n\t\t\t\t\t\n\t\t\t\t\t\t<\/div>\n\t<\/div>\n\n\t<\/figure>\n\n<\/div><div class=\"bde-text-20-183 bde-text\">\nMunkat\u00e1rs\n<\/div>\n<\/div><div class=\"bde-column-20-112 bde-column\">\n  \n\t\n\n\n\n<div class=\"bde-image-20-117 bde-image\">\n  \n\n\n\n\n\n<figure class=\"breakdance-image breakdance-image--245\">\n\t<div class=\"breakdance-image-container\">\n\t\t<div class=\"breakdance-image-clip\">\n\t\t\t\n\t\t\t\t\n\t\t\t\t\t      \n  \n  \n  \n  \n      \n      <img loading=\"lazy\" decoding=\"async\"\n      class=\"breakdance-image-object\"\n      src=\"https:\/\/lactis.ro\/wp-content\/uploads\/2024\/04\/lactis-uzlet.png\"\n      width=\"183\"\n      height=\"183\"\n      \n      \n                                    srcset=\"https:\/\/lactis.ro\/wp-content\/uploads\/2024\/04\/lactis-uzlet.png 183w, https:\/\/lactis.ro\/wp-content\/uploads\/2024\/04\/lactis-uzlet-150x150.png 150w\"\n                                                                      >\n  \n\n\t\t\t\t\t\n\t\t\t\t\t\t<\/div>\n\t<\/div>\n\n\t<\/figure>\n\n<\/div><div class=\"bde-text-20-184 bde-text\">\n\u00dczlet\n<\/div>\n<\/div><div class=\"bde-column-20-113 bde-column\">\n  \n\t\n\n\n\n<div class=\"bde-image-20-118 bde-image\">\n  \n\n\n\n\n\n<figure class=\"breakdance-image breakdance-image--256\">\n\t<div class=\"breakdance-image-container\">\n\t\t<div class=\"breakdance-image-clip\">\n\t\t\t\n\t\t\t\t\n\t\t\t\t\t      \n  \n  \n  \n  \n      \n      <img loading=\"lazy\" decoding=\"async\"\n      class=\"breakdance-image-object\"\n      src=\"https:\/\/lactis.ro\/wp-content\/uploads\/2024\/04\/lactis-mukodess.png\"\n      width=\"183\"\n      height=\"183\"\n      \n      \n                                    srcset=\"https:\/\/lactis.ro\/wp-content\/uploads\/2024\/04\/lactis-mukodess.png 183w, https:\/\/lactis.ro\/wp-content\/uploads\/2024\/04\/lactis-mukodess-150x150.png 150w\"\n                                                                      >\n  \n\n\t\t\t\t\t\n\t\t\t\t\t\t<\/div>\n\t<\/div>\n\n\t<\/figure>\n\n<\/div><div class=\"bde-text-20-185 bde-text\">\n\u00c9v\n<\/div>\n<\/div><\/div><\/div>\n<\/section><section class=\"bde-section-20-187 bde-section\">\n  \n\t\n\n\n\n<div class=\"section-container\"><div class=\"bde-icon-list-20-192 bde-icon-list\">\n<ul>\n  \n              \n    <li>\n              <div class='bde-icon-list__item-wrapper'>\n      \n      <span class='bde-icon-list__icon'>\n        <svg xmlns=\"http:\/\/www.w3.org\/2000\/svg\" version=\"1.0\" width=\"185.000000pt\" height=\"183.000000pt\" viewbox=\"0 0 185.000000 183.000000\" preserveaspectratio=\"xMidYMid meet\">\r\n\r\n<g transform=\"translate(0.000000,183.000000) scale(0.100000,-0.100000)\" fill=\"#000000\" stroke=\"none\">\r\n<path d=\"M261 1819 c-89 -17 -173 -87 -215 -178 -21 -45 -21 -56 -21 -726 0 -673 0 -680 21 -726 31 -67 87 -124 152 -156 l57 -28 680 0 680 0 57 28 c65 32 121 89 152 156 21 46 21 53 21 726 l0 680 -28 57 c-32 65 -89 121 -156 152 -45 21 -55 21 -701 23 -360 0 -675 -3 -699 -8z m492 -859 l2 -215 48 -3 c46 -3 47 -4 47 -38 l0 -34 -155 0 -155 0 0 35 0 35 50 0 c32 0 52 5 55 13 2 6 5 77 7 157 l4 146 -52 -29 -53 -28 -17 33 c-16 31 -16 32 7 48 13 8 48 34 79 57 45 34 62 42 93 40 l39 -2 1 -215z m547 172 c0 -38 -14 -78 -63 -188 -35 -76 -88 -197 -117 -269 -30 -71 -57 -134 -62 -139 -9 -12 -88 23 -88 38 0 6 53 121 118 256 l118 245 -148 3 -148 3 0 33 c0 68 -7 66 201 66 l189 0 0 -48z\"\/>\r\n<\/g>\r\n<\/svg>\n      <\/span>\n      <span class='bde-icon-list__text' >\n      Ferme partenere\n      <\/span>\n              <\/div>\n      \n    <\/li>\n\n  \n              \n    <li>\n              <div class='bde-icon-list__item-wrapper'>\n      \n      <span class='bde-icon-list__icon'>\n        <svg xmlns=\"http:\/\/www.w3.org\/2000\/svg\" viewbox=\"0 0 448 512\"><!-- Font Awesome Free 5.15.1 by @fontawesome - https:\/\/fontawesome.com License - https:\/\/fontawesome.com\/license\/free (Icons: CC BY 4.0, Fonts: SIL OFL 1.1, Code: MIT License) --><path d=\"M400 32H48C21.5 32 0 53.5 0 80v352c0 26.5 21.5 48 48 48h352c26.5 0 48-21.5 48-48V80c0-26.5-21.5-48-48-48z\"\/><\/svg>\n      <\/span>\n      <span class='bde-icon-list__text' >\n      400+ Vaci de lapte\n      <\/span>\n              <\/div>\n      \n    <\/li>\n\n  \n              \n    <li>\n              <div class='bde-icon-list__item-wrapper'>\n      \n      <span class='bde-icon-list__icon'>\n        <svg xmlns=\"http:\/\/www.w3.org\/2000\/svg\" viewbox=\"0 0 448 512\"><!-- Font Awesome Free 5.15.1 by @fontawesome - https:\/\/fontawesome.com License - https:\/\/fontawesome.com\/license\/free (Icons: CC BY 4.0, Fonts: SIL OFL 1.1, Code: MIT License) --><path d=\"M400 32H48C21.5 32 0 53.5 0 80v352c0 26.5 21.5 48 48 48h352c26.5 0 48-21.5 48-48V80c0-26.5-21.5-48-48-48z\"\/><\/svg>\n      <\/span>\n      <span class='bde-icon-list__text' >\n      40 Colegi dedicati\n      <\/span>\n              <\/div>\n      \n    <\/li>\n\n  \n              \n    <li>\n              <div class='bde-icon-list__item-wrapper'>\n      \n      <span class='bde-icon-list__icon'>\n        <svg xmlns=\"http:\/\/www.w3.org\/2000\/svg\" viewbox=\"0 0 448 512\"><!-- Font Awesome Free 5.15.1 by @fontawesome - https:\/\/fontawesome.com License - https:\/\/fontawesome.com\/license\/free (Icons: CC BY 4.0, Fonts: SIL OFL 1.1, Code: MIT License) --><path d=\"M400 32H48C21.5 32 0 53.5 0 80v352c0 26.5 21.5 48 48 48h352c26.5 0 48-21.5 48-48V80c0-26.5-21.5-48-48-48z\"\/><\/svg>\n      <\/span>\n      <span class='bde-icon-list__text' >\n      200+ Magazine deservite\n      <\/span>\n              <\/div>\n      \n    <\/li>\n\n  \n              \n    <li>\n              <div class='bde-icon-list__item-wrapper'>\n      \n      <span class='bde-icon-list__icon'>\n        <svg xmlns=\"http:\/\/www.w3.org\/2000\/svg\" viewbox=\"0 0 448 512\"><!-- Font Awesome Free 5.15.1 by @fontawesome - https:\/\/fontawesome.com License - https:\/\/fontawesome.com\/license\/free (Icons: CC BY 4.0, Fonts: SIL OFL 1.1, Code: MIT License) --><path d=\"M400 32H48C21.5 32 0 53.5 0 80v352c0 26.5 21.5 48 48 48h352c26.5 0 48-21.5 48-48V80c0-26.5-21.5-48-48-48z\"\/><\/svg>\n      <\/span>\n      <span class='bde-icon-list__text' >\n      30 Ani de activitate\n      <\/span>\n              <\/div>\n      \n    <\/li>\n\n  <\/ul>\n\n<\/div><\/div>\n<\/section><section class=\"bde-section-20-119 bde-section\">\n  \n\t\n\n\n\n<div class=\"section-container\"><div class=\"bde-columns-20-120 bde-columns\"><div class=\"bde-column-20-121 bde-column\">\n  \n\t\n\n\n\n<h1 class=\"bde-heading-20-124 bde-heading\">\nFedezd fel a<br>Lactis term\u00e9szetes term\u00e9keit\n<\/h1><div class=\"bde-text-20-125 bde-text\">\nC\u00e9g\u00fcnk k\u00fcldet\u00e9se, hogy minden nap friss \u00e9s eg\u00e9szs\u00e9ges tejterm\u00e9kek jussanak el a helyi\nh\u00e1ztart\u00e1sokba.\n<\/div><div class=\"bde-button-20-126 bde-button\">\n    \n                                    \n    \n    \n    \n    \n            \n                    \n            \n            \n\n    \n    \n    \n    \n    <a class=\"breakdance-link button-atom button-atom--custom bde-button__button\" href=\"https:\/\/lactis.ro\/hu\/produse-lactate-naturale\/\" target=\"_self\" data-type=\"url\"  >\n\n    \n        <span class=\"button-atom__text\">Term\u00e9kek<\/span>\n\n        \n        \n                <\/a>\n\n    \n\n\n<\/div>\n<\/div><div class=\"bde-column-20-122 bde-column\">\n  \n\t\n\n\n\n<div class=\"bde-image-20-127 bde-image\">\n  \n\n\n\n\n\n<figure class=\"breakdance-image breakdance-image--26\">\n\t<div class=\"breakdance-image-container\">\n\t\t<div class=\"breakdance-image-clip\">\n\t\t\t\n\t\t\t\t\n\t\t\t\t\t      \n  \n  \n  \n  \n      \n      <img loading=\"lazy\" decoding=\"async\"\n      class=\"breakdance-image-object\"\n      src=\"https:\/\/lactis.ro\/wp-content\/uploads\/2024\/03\/lactis-home-image.png\"\n      width=\"579\"\n      height=\"691\"\n      \n      \n                                    srcset=\"https:\/\/lactis.ro\/wp-content\/uploads\/2024\/03\/lactis-home-image.png 579w, https:\/\/lactis.ro\/wp-content\/uploads\/2024\/03\/lactis-home-image-251x300.png 251w\"\n                                                                      >\n  \n\n\t\t\t\t\t\n\t\t\t\t\t\t<\/div>\n\t<\/div>\n\n\t<\/figure>\n\n<\/div>\n<\/div><div class=\"bde-column-20-123 bde-column\">\n  \n\t\n\n\n\n\n<\/div><\/div><\/div>\n<\/section><section class=\"bde-section-20-128 bde-section\">\n  \n\t\n\n\n\n<div class=\"section-container\"><h1 class=\"bde-heading-20-129 bde-heading\">\nTerm\u00e9keink\n<\/h1><div class=\"bde-columns-20-130 bde-columns\"><div class=\"bde-column-20-131 bde-column\">\n  \n\t\n\n\n\n<div class=\"bde-button-20-133 bde-button\">\n    \n                                    \n    \n    \n    \n    \n            \n            <button type=\"button\" class=\"button-atom button-atom--custom bde-button__button\"  >\n    \n        <span class=\"button-atom__text\">\u00c9tkez\u00e9si tej<\/span>\n\n        \n        \n            <\/button>\n    \n\n\n<\/div>\n<\/div><div class=\"bde-column-20-136 bde-column\">\n  \n\t\n\n\n\n<div class=\"bde-button-20-137 bde-button\">\n    \n                                    \n    \n    \n    \n    \n            \n            <button type=\"button\" class=\"button-atom button-atom--custom bde-button__button\"  >\n    \n        <span class=\"button-atom__text\">Joghurt<\/span>\n\n        \n        \n            <\/button>\n    \n\n\n<\/div>\n<\/div><div class=\"bde-column-20-138 bde-column\">\n  \n\t\n\n\n\n<div class=\"bde-button-20-139 bde-button\">\n    \n                                    \n    \n    \n    \n    \n            \n            <button type=\"button\" class=\"button-atom button-atom--custom bde-button__button\"  >\n    \n        <span class=\"button-atom__text\">Sz\u00e1na<\/span>\n\n        \n        \n            <\/button>\n    \n\n\n<\/div>\n<\/div><\/div><div class=\"bde-columns-20-140 bde-columns\"><div class=\"bde-column-20-141 bde-column\">\n  \n\t\n\n\n\n<div class=\"bde-button-20-142 bde-button\">\n    \n                                    \n    \n    \n    \n    \n            \n            <button type=\"button\" class=\"button-atom button-atom--custom bde-button__button\"  >\n    \n        <span class=\"button-atom__text\">Aludt tej<\/span>\n\n        \n        \n            <\/button>\n    \n\n\n<\/div>\n<\/div><div class=\"bde-column-20-143 bde-column\">\n  \n\t\n\n\n\n<div class=\"bde-button-20-144 bde-button\">\n    \n                                    \n    \n    \n    \n    \n            \n            <button type=\"button\" class=\"button-atom button-atom--custom bde-button__button\"  >\n    \n        <span class=\"button-atom__text\">Kefir<\/span>\n\n        \n        \n            <\/button>\n    \n\n\n<\/div>\n<\/div><div class=\"bde-column-20-145 bde-column\">\n  \n\t\n\n\n\n<div class=\"bde-button-20-146 bde-button\">\n    \n                                    \n    \n    \n    \n    \n            \n            <button type=\"button\" class=\"button-atom button-atom--custom bde-button__button\"  >\n    \n        <span class=\"button-atom__text\">Tejf\u00f6l<\/span>\n\n        \n        \n            <\/button>\n    \n\n\n<\/div>\n<\/div><\/div><div class=\"bde-columns-20-147 bde-columns\"><div class=\"bde-column-20-148 bde-column\">\n  \n\t\n\n\n\n<div class=\"bde-button-20-149 bde-button\">\n    \n                                    \n    \n    \n    \n    \n            \n            <button type=\"button\" class=\"button-atom button-atom--custom bde-button__button\"  >\n    \n        <span class=\"button-atom__text\">T\u00far\u00f3<\/span>\n\n        \n        \n            <\/button>\n    \n\n\n<\/div>\n<\/div><div class=\"bde-column-20-150 bde-column\">\n  \n\t\n\n\n\n<div class=\"bde-button-20-151 bde-button\">\n    \n                                    \n    \n    \n    \n    \n            \n            <button type=\"button\" class=\"button-atom button-atom--custom bde-button__button\"  >\n    \n        <span class=\"button-atom__text\">Vaj<\/span>\n\n        \n        \n            <\/button>\n    \n\n\n<\/div>\n<\/div><div class=\"bde-column-20-152 bde-column\">\n  \n\t\n\n\n\n<div class=\"bde-button-20-153 bde-button\">\n    \n                                    \n    \n    \n    \n    \n            \n            <button type=\"button\" class=\"button-atom button-atom--custom bde-button__button\"  >\n    \n        <span class=\"button-atom__text\">\u00d6sszes...<\/span>\n\n        \n        \n            <\/button>\n    \n\n\n<\/div>\n<\/div><\/div><\/div>\n<\/section><section class=\"bde-section-20-154 bde-section\">\n  \n\t\n\n\n\n<div class=\"section-container\"><h1 class=\"bde-heading-20-155 bde-heading\">\nCikkek\n<\/h1><\/div>\n<\/section><section class=\"bde-section-20-156 bde-section\">\n  \n\t\n\n\n\n<div class=\"section-container\"><div class=\"bde-columns-20-157 bde-columns\"><div class=\"bde-column-20-158 bde-column\">\n  \n\t\n\n\n\n<div class=\"bde-div-20-172 bde-div\">\n  \n\t\n\n\n\n<div class=\"bde-text-20-162 bde-text\">\nIskolatej m\u00e1sk\u00e9pp\n<\/div>\n<\/div><div class=\"bde-text-20-170 bde-text\">\nT\u00e1rsadalmi felel\u0151s\u00e9gv\u00e1llal\u00e1s program Lactis term\u00e9kekkel\n<\/div><div class=\"bde-button-20-171 bde-button\">\n    \n                                    \n    \n    \n    \n    \n            \n                    \n            \n            \n\n    \n    \n    \n    \n    <a class=\"breakdance-link button-atom button-atom--custom bde-button__button\" href=\"https:\/\/lactis.ro\/hu\/iskolatej-maskepp-tarsadalmi-felelosegvallalas-program-lactis-termekekkel\/\" target=\"_self\" data-type=\"url\"  >\n\n    \n        <span class=\"button-atom__text\">Elolvasom<\/span>\n\n        \n        \n                <\/a>\n\n    \n\n\n<\/div>\n<\/div><\/div><\/div>\n<\/section>","protected":false},"excerpt":{"rendered":"<p>Lactate Naturale Cateva doar din cifre In anii in care am fost prezenti pe piata am reusit sa atingem urmatorele obiective Ferme Vaci de lapte Colegi Magazine Ani de activitate Ferme partenere 400+ Vaci de lapte 40 Colegi dedicati 200+ Magazine deservite 30 Ani de activitate Descoper\u0103 produselenaturale Lactis Misiunea companiei noastre este de a [&hellip;]<\/p>","protected":false},"author":1,"featured_media":0,"parent":0,"menu_order":0,"comment_status":"closed","ping_status":"closed","template":"","meta":{"_breakdance_hide_in_design_set":false,"_breakdance_tags":"","footnotes":""},"class_list":["post-20","page","type-page","status-publish","hentry"],"_links":{"self":[{"href":"https:\/\/lactis.ro\/hu\/wp-json\/wp\/v2\/pages\/20","targetHints":{"allow":["GET"]}}],"collection":[{"href":"https:\/\/lactis.ro\/hu\/wp-json\/wp\/v2\/pages"}],"about":[{"href":"https:\/\/lactis.ro\/hu\/wp-json\/wp\/v2\/types\/page"}],"author":[{"embeddable":true,"href":"https:\/\/lactis.ro\/hu\/wp-json\/wp\/v2\/users\/1"}],"replies":[{"embeddable":true,"href":"https:\/\/lactis.ro\/hu\/wp-json\/wp\/v2\/comments?post=20"}],"version-history":[{"count":51,"href":"https:\/\/lactis.ro\/hu\/wp-json\/wp\/v2\/pages\/20\/revisions"}],"predecessor-version":[{"id":323,"href":"https:\/\/lactis.ro\/hu\/wp-json\/wp\/v2\/pages\/20\/revisions\/323"}],"wp:attachment":[{"href":"https:\/\/lactis.ro\/hu\/wp-json\/wp\/v2\/media?parent=20"}],"curies":[{"name":"wp","href":"https:\/\/api.w.org\/{rel}","templated":true}]}}