{"id":71,"date":"2024-03-14T12:10:32","date_gmt":"2024-03-14T12:10:32","guid":{"rendered":"https:\/\/lactis.ro\/?page_id=71"},"modified":"2024-12-10T16:31:03","modified_gmt":"2024-12-10T16:31:03","slug":"produse-lactate-naturale","status":"publish","type":"page","link":"https:\/\/lactis.ro\/hu\/produse-lactate-naturale\/","title":{"rendered":"Produse &#8211; Lactate naturale"},"content":{"rendered":"<section class=\"bde-section-71-100 bde-section\">\n  \n\t\n\n\n\n<div class=\"section-container\"><div class=\"bde-columns-71-101 bde-columns\"><div class=\"bde-column-71-102 bde-column\">\n  \n\t\n\n\n\n<h1 class=\"bde-heading-71-103 bde-heading\">\nTerm\u00e9keink\n<\/h1>\n<\/div><div class=\"bde-column-71-104 bde-column\">\n  \n\t\n\n\n\n\n<\/div><\/div><\/div>\n<\/section><section class=\"bde-section-71-235 bde-section\">\n  \n\t\n\n\n\n<div class=\"section-container\"><h1 class=\"bde-heading-71-236 bde-heading\">\nTerm\u00e9keink\n<\/h1><\/div>\n<\/section><section class=\"bde-section-71-145 bde-section\">\n  \n\t\n\n\n\n<div class=\"section-container\"><h1 class=\"bde-heading-71-189 bde-heading\">\nK\u00fcldet\u00e9s\u00fcnk<br>\n<\/h1><div class=\"bde-text-71-171 bde-text\">\nHogy minden nap friss \u00e9s eg\u00e9szs\u00e9ges tejterm\u00e9kek jussanak el a helyi h\u00e1ztart\u00e1sokba.<br>Az alapanyag a helyi tejtermel\u0151kt\u0151l felv\u00e1s\u00e1rolt magas min\u0151s\u00e9g\u0171 teh\u00e9ntej.<br>B\u00fcszk\u00e9k vagyunk r\u00e1, hogy term\u00e9keink nem tartalmaznak tart\u00f3sit\u00f3 \u00e9s \u00e1llom\u00e1nyjavit\u00f3 szereket.<br>\u00c9l\u0151fl\u00f3r\u00e1s tejterm\u00e9keink fogyaszt\u00e1sa nagyban hozz\u00e1j\u00e1rul ahhoz, hogy a b\u00e9lfl\u00f3r\u00e1nk j\u00f3 \u00e1llapot\u00e1t\nfenn tudjuk tartani,<br>ez\u00e1ltal hossz\u00fa t\u00e1von is meg tudjuk \u0151rizni az eg\u00e9szs\u00e9g\u00fcnket.\n<\/div><div class=\"bde-advanced-tabs-71-146 bde-advanced-tabs\">\n\n\n        \n  \n  \n  <div class=\"bde-tabs__tabslist-container bde-tabs__tabslist-container--scrollable is-horizontal js-tabs-container\">\n    <div class=\"bde-tabs__tabslist bde-tabs__tabslist--pills js-tablist\" role=\"tablist\" aria-label=\"Content tabs\" aria-orientation=\"horizontal\" data-tabs-id=\"bde-advanced-tabs-71-146\">\n      \n              <button role=\"tab\" aria-selected=\"false\" class=\"bde-tabs__tab js-tab\" aria-controls=\"tab-panel-bde-advanced-tabs-71-146-1\" id=\"tab-bde-advanced-tabs-71-146-1\" data-value=\"1\">\n                    <span class=\"bde-tabs__tab-title\">\u00c9tkez\u00e9si tej<\/span>\n        <\/button>\n              <button role=\"tab\" aria-selected=\"false\" class=\"bde-tabs__tab js-tab\" aria-controls=\"tab-panel-bde-advanced-tabs-71-146-2\" id=\"tab-bde-advanced-tabs-71-146-2\" data-value=\"2\">\n                    <span class=\"bde-tabs__tab-title\">Joghurt<\/span>\n        <\/button>\n              <button role=\"tab\" aria-selected=\"false\" class=\"bde-tabs__tab js-tab\" aria-controls=\"tab-panel-bde-advanced-tabs-71-146-3\" id=\"tab-bde-advanced-tabs-71-146-3\" data-value=\"3\">\n                    <span class=\"bde-tabs__tab-title\">Sz\u00e1na<\/span>\n        <\/button>\n              <button role=\"tab\" aria-selected=\"false\" class=\"bde-tabs__tab js-tab\" aria-controls=\"tab-panel-bde-advanced-tabs-71-146-4\" id=\"tab-bde-advanced-tabs-71-146-4\" data-value=\"4\">\n                    <span class=\"bde-tabs__tab-title\">Aludt tej<\/span>\n        <\/button>\n              <button role=\"tab\" aria-selected=\"false\" class=\"bde-tabs__tab js-tab\" aria-controls=\"tab-panel-bde-advanced-tabs-71-146-5\" id=\"tab-bde-advanced-tabs-71-146-5\" data-value=\"5\">\n                    <span class=\"bde-tabs__tab-title\">Kefir<\/span>\n        <\/button>\n              <button role=\"tab\" aria-selected=\"false\" class=\"bde-tabs__tab js-tab\" aria-controls=\"tab-panel-bde-advanced-tabs-71-146-6\" id=\"tab-bde-advanced-tabs-71-146-6\" data-value=\"6\">\n                    <span class=\"bde-tabs__tab-title\">Tejf\u00f6l<\/span>\n        <\/button>\n              <button role=\"tab\" aria-selected=\"false\" class=\"bde-tabs__tab js-tab\" aria-controls=\"tab-panel-bde-advanced-tabs-71-146-7\" id=\"tab-bde-advanced-tabs-71-146-7\" data-value=\"7\">\n                    <span class=\"bde-tabs__tab-title\">T\u00far\u00f3<\/span>\n        <\/button>\n              <button role=\"tab\" aria-selected=\"false\" class=\"bde-tabs__tab js-tab\" aria-controls=\"tab-panel-bde-advanced-tabs-71-146-8\" id=\"tab-bde-advanced-tabs-71-146-8\" data-value=\"8\">\n                    <span class=\"bde-tabs__tab-title\">Vaj<\/span>\n        <\/button>\n          <\/div>\n  <\/div>\n\n<div class=\"bde-tabs-content-container\">\n  <div class=\"bde-advanced-tabs-content-71-147 bde-advanced-tabs-content\">\n<div tabindex=\"0\" role=\"tabpanel\" class=\"bde-tabs__panel js-panel\" id=\"\" hidden=\"\" aria-labelledby=\"\">\n  <div class=\"bde-columns-71-158 bde-columns\"><div class=\"bde-column-71-159 bde-column\">\n  \n\t\n\n\n\n<div class=\"bde-image-71-161 bde-image\">\n  \n\n\n\n\n\n<figure class=\"breakdance-image breakdance-image--225\">\n\t<div class=\"breakdance-image-container\">\n\t\t<div class=\"breakdance-image-clip\">\n\t\t\t\n\t\t\t\t\n\t\t\t\t\t      \n  \n  \n  \n  \n      \n      <img loading=\"lazy\" decoding=\"async\"\n      class=\"breakdance-image-object\"\n      src=\"https:\/\/lactis.ro\/wp-content\/uploads\/2024\/03\/lapte-lactis.png\"\n      width=\"840\"\n      height=\"631\"\n      \n      \n                                    srcset=\"https:\/\/lactis.ro\/wp-content\/uploads\/2024\/03\/lapte-lactis.png 840w, https:\/\/lactis.ro\/wp-content\/uploads\/2024\/03\/lapte-lactis-300x225.png 300w, https:\/\/lactis.ro\/wp-content\/uploads\/2024\/03\/lapte-lactis-768x577.png 768w\"\n                                                                      >\n  \n\n\t\t\t\t\t\n\t\t\t\t\t\t<\/div>\n\t<\/div>\n\n\t<\/figure>\n\n<\/div>\n<\/div><div class=\"bde-column-71-160 bde-column\">\n  \n\t\n\n\n\n<h1 class=\"bde-heading-71-163 bde-heading\">\n\u00c9tkez\u00e9si tej\n<\/h1><div class=\"bde-text-71-164 bde-text\">\nLaptele este pasteurizat, adic\u0103 este tratat termic. Scopul acestui lucru este de a reduce num\u0103rul de microorganisme din lapte la un nivel care s\u0103 nu mai prezinte un risc pentru s\u0103n\u0103tate \u0219i, de asemenea, s\u0103 m\u0103reasc\u0103 durata de valabilitate a produsului.<br>Producem lapte de consum cu un con\u021binut de gr\u0103sime de 1,5%, 1,8%, 3,5% \u00een saci de 1 litru,  \u00een sticle PET de 0,5 litri \u0219i 1,5 litri.\n<\/div>\n<\/div><\/div>\n<\/div>\n\n<\/div><div class=\"bde-advanced-tabs-content-71-151 bde-advanced-tabs-content\">\n<div tabindex=\"0\" role=\"tabpanel\" class=\"bde-tabs__panel js-panel\" id=\"\" hidden=\"\" aria-labelledby=\"\">\n  <div class=\"bde-columns-71-165 bde-columns\"><div class=\"bde-column-71-168 bde-column\">\n  \n\t\n\n\n\n<h1 class=\"bde-heading-71-169 bde-heading\">\nJoghurt\n<\/h1><div class=\"bde-text-71-170 bde-text\">\nA joghurt 2,8% zs\u00edrtartalm\u00fa probiotikus term\u00e9k, amelyet 150g-os, 175g-os poh\u00e1rba illetve 330g-os, 500g-os, 750 g-os, 900g-os PET palackban forgalmazzuk.\u00a0<br>A probiotikus term\u00e9kek bizony\u00edtottan pozit\u00edvan hatnak az eg\u00e9szs\u00e9gre. A probiotikum sz\u00f3 tulajdonk\u00e9ppen a v\u00e9kony-, \u00e9s vastagb\u00e9lben l\u00e9v\u0151 bakt\u00e9riumok t\u00f6rzseinek gy\u0171jt\u0151neve. A probiotikus term\u00e9kek ilyen, em\u00e9szt\u0151rendszer\u00fcnkben is term\u00e9szetesen el\u0151fordul\u00f3 bakt\u00e9riumt\u00f6rzseket tartalmaznak; vagyis a b\u00e9lfl\u00f3r\u00e1t nagyban t\u00e1mogatj\u00e1k. A b\u00e9lfl\u00f3ra megfelel\u0151 \u00e1llapota elengedhetetlen az eg\u00e9szs\u00e9g\u00fcnk meg\u0151rz\u00e9s\u00e9hez. Mivel manaps\u00e1g gyakran alkalmazunk antibiotikum k\u00far\u00e1t, melyt\u0151l k\u00f6nnyed\u00e9n felborulhat a b\u00e9lfl\u00f3r\u00e1nk egyens\u00falya, kiemelten fontos, hogy nagyon gyakran, lehet\u0151leg napi szinten fogyasszunk \u00e9l\u0151fl\u00f3r\u00e1s tejterm\u00e9keket.<br>\n<\/div>\n<\/div><div class=\"bde-column-71-166 bde-column\">\n  \n\t\n\n\n\n<div class=\"bde-image-71-167 bde-image\">\n  \n\n\n\n\n\n<figure class=\"breakdance-image breakdance-image--224\">\n\t<div class=\"breakdance-image-container\">\n\t\t<div class=\"breakdance-image-clip\">\n\t\t\t\n\t\t\t\t\n\t\t\t\t\t      \n  \n  \n  \n  \n      \n      <img loading=\"lazy\" decoding=\"async\"\n      class=\"breakdance-image-object\"\n      src=\"https:\/\/lactis.ro\/wp-content\/uploads\/2024\/03\/iaurt-lactis.png\"\n      width=\"840\"\n      height=\"631\"\n      \n      \n                                    srcset=\"https:\/\/lactis.ro\/wp-content\/uploads\/2024\/03\/iaurt-lactis.png 840w, https:\/\/lactis.ro\/wp-content\/uploads\/2024\/03\/iaurt-lactis-300x225.png 300w, https:\/\/lactis.ro\/wp-content\/uploads\/2024\/03\/iaurt-lactis-768x577.png 768w\"\n                                                                      >\n  \n\n\t\t\t\t\t\n\t\t\t\t\t\t<\/div>\n\t<\/div>\n\n\t<\/figure>\n\n<\/div>\n<\/div><\/div>\n<\/div>\n\n<\/div><div class=\"bde-advanced-tabs-content-71-182 bde-advanced-tabs-content\">\n<div tabindex=\"0\" role=\"tabpanel\" class=\"bde-tabs__panel js-panel\" id=\"\" hidden=\"\" aria-labelledby=\"\">\n  <div class=\"bde-columns-71-183 bde-columns\"><div class=\"bde-column-71-184 bde-column\">\n  \n\t\n\n\n\n<div class=\"bde-image-71-185 bde-image\">\n  \n\n\n\n\n\n<figure class=\"breakdance-image breakdance-image--223\">\n\t<div class=\"breakdance-image-container\">\n\t\t<div class=\"breakdance-image-clip\">\n\t\t\t\n\t\t\t\t\n\t\t\t\t\t      \n  \n  \n  \n  \n      \n      <img loading=\"lazy\" decoding=\"async\"\n      class=\"breakdance-image-object\"\n      src=\"https:\/\/lactis.ro\/wp-content\/uploads\/2024\/03\/sana-lactis.png\"\n      width=\"840\"\n      height=\"631\"\n      \n      \n                                    srcset=\"https:\/\/lactis.ro\/wp-content\/uploads\/2024\/03\/sana-lactis.png 840w, https:\/\/lactis.ro\/wp-content\/uploads\/2024\/03\/sana-lactis-300x225.png 300w, https:\/\/lactis.ro\/wp-content\/uploads\/2024\/03\/sana-lactis-768x577.png 768w\"\n                                                                      >\n  \n\n\t\t\t\t\t\n\t\t\t\t\t\t<\/div>\n\t<\/div>\n\n\t<\/figure>\n\n<\/div>\n<\/div><div class=\"bde-column-71-186 bde-column\">\n  \n\t\n\n\n\n<h1 class=\"bde-heading-71-187 bde-heading\">\nSz\u00e1na\n<\/h1><div class=\"bde-text-71-188 bde-text\">\nA tejet paszt\u0151r\u00f6zz\u00fck, azaz h\u0151kezelj\u00fck. Ennek c\u00e9lja a tejben tal\u00e1lhat\u00f3 mikroorganizmusok sz\u00e1m\u00e1nak olyan szintre cs\u00f6kkent\u00e9se, ami m\u00e1r nem jelent eg\u00e9szs\u00e9g\u00fcgyi kock\u00e1zatot \u00e9s a term\u00e9k eltarthat\u00f3s\u00e1g\u00e1t is n\u00f6veli.\u00a0<br>\u00c9tkez\u00e9si tejet 1,5%, 1,8%, 3,5% zs\u00edrtartalommal gy\u00e1rtunk 1 literes zsacsk\u00f3ba, 0,5L \u00e9s 1,5 literes PET palackba t\u00f6ltve.<br>\n<\/div>\n<\/div><\/div>\n<\/div>\n\n<\/div><div class=\"bde-advanced-tabs-content-71-172 bde-advanced-tabs-content\">\n<div tabindex=\"0\" role=\"tabpanel\" class=\"bde-tabs__panel js-panel\" id=\"\" hidden=\"\" aria-labelledby=\"\">\n  <div class=\"bde-columns-71-173 bde-columns\"><div class=\"bde-column-71-174 bde-column\">\n  \n\t\n\n\n\n<div class=\"bde-columns-71-199 bde-columns\"><div class=\"bde-column-71-202 bde-column\">\n  \n\t\n\n\n\n<h1 class=\"bde-heading-71-203 bde-heading\">\nAludt tej\n<\/h1><div class=\"bde-text-71-204 bde-text\">\nA tejet paszt\u0151r\u00f6zz\u00fck, azaz h\u0151kezelj\u00fck. Ennek c\u00e9lja a tejben tal\u00e1lhat\u00f3 mikroorganizmusok sz\u00e1m\u00e1nak olyan szintre cs\u00f6kkent\u00e9se, ami m\u00e1r nem jelent eg\u00e9szs\u00e9g\u00fcgyi kock\u00e1zatot \u00e9s a term\u00e9k eltarthat\u00f3s\u00e1g\u00e1t is n\u00f6veli.\u00a0<br>\u00c9tkez\u00e9si tejet 1,5%, 1,8%, 3,5% zs\u00edrtartalommal gy\u00e1rtunk 1 literes zsacsk\u00f3ba, 0,5L \u00e9s 1,5 literes PET palackba t\u00f6ltve.<br>\n<\/div>\n<\/div><div class=\"bde-column-71-200 bde-column\">\n  \n\t\n\n\n\n<div class=\"bde-image-71-201 bde-image\">\n  \n\n\n\n\n\n<figure class=\"breakdance-image breakdance-image--222\">\n\t<div class=\"breakdance-image-container\">\n\t\t<div class=\"breakdance-image-clip\">\n\t\t\t\n\t\t\t\t\n\t\t\t\t\t      \n  \n  \n  \n  \n      \n      <img loading=\"lazy\" decoding=\"async\"\n      class=\"breakdance-image-object\"\n      src=\"https:\/\/lactis.ro\/wp-content\/uploads\/2024\/03\/lapte-batut-lactis.png\"\n      width=\"840\"\n      height=\"631\"\n      \n      \n                                    srcset=\"https:\/\/lactis.ro\/wp-content\/uploads\/2024\/03\/lapte-batut-lactis.png 840w, https:\/\/lactis.ro\/wp-content\/uploads\/2024\/03\/lapte-batut-lactis-300x225.png 300w, https:\/\/lactis.ro\/wp-content\/uploads\/2024\/03\/lapte-batut-lactis-768x577.png 768w\"\n                                                                      >\n  \n\n\t\t\t\t\t\n\t\t\t\t\t\t<\/div>\n\t<\/div>\n\n\t<\/figure>\n\n<\/div>\n<\/div><\/div>\n<\/div><\/div>\n<\/div>\n\n<\/div><div class=\"bde-advanced-tabs-content-71-153 bde-advanced-tabs-content\">\n<div tabindex=\"0\" role=\"tabpanel\" class=\"bde-tabs__panel js-panel\" id=\"\" hidden=\"\" aria-labelledby=\"\">\n  <div class=\"bde-columns-71-205 bde-columns\"><div class=\"bde-column-71-206 bde-column\">\n  \n\t\n\n\n\n<div class=\"bde-image-71-207 bde-image\">\n  \n\n\n\n\n\n<figure class=\"breakdance-image breakdance-image--221\">\n\t<div class=\"breakdance-image-container\">\n\t\t<div class=\"breakdance-image-clip\">\n\t\t\t\n\t\t\t\t\n\t\t\t\t\t      \n  \n  \n  \n  \n      \n      <img loading=\"lazy\" decoding=\"async\"\n      class=\"breakdance-image-object\"\n      src=\"https:\/\/lactis.ro\/wp-content\/uploads\/2024\/03\/kefir-lactis.png\"\n      width=\"840\"\n      height=\"631\"\n      \n      \n                                    srcset=\"https:\/\/lactis.ro\/wp-content\/uploads\/2024\/03\/kefir-lactis.png 840w, https:\/\/lactis.ro\/wp-content\/uploads\/2024\/03\/kefir-lactis-300x225.png 300w, https:\/\/lactis.ro\/wp-content\/uploads\/2024\/03\/kefir-lactis-768x577.png 768w\"\n                                                                      >\n  \n\n\t\t\t\t\t\n\t\t\t\t\t\t<\/div>\n\t<\/div>\n\n\t<\/figure>\n\n<\/div>\n<\/div><div class=\"bde-column-71-208 bde-column\">\n  \n\t\n\n\n\n<h1 class=\"bde-heading-71-209 bde-heading\">\nKefir\n<\/h1><div class=\"bde-text-71-210 bde-text\">\nA tejet paszt\u0151r\u00f6zz\u00fck, azaz h\u0151kezelj\u00fck. Ennek c\u00e9lja a tejben tal\u00e1lhat\u00f3 mikroorganizmusok sz\u00e1m\u00e1nak olyan szintre cs\u00f6kkent\u00e9se, ami m\u00e1r nem jelent eg\u00e9szs\u00e9g\u00fcgyi kock\u00e1zatot \u00e9s a term\u00e9k eltarthat\u00f3s\u00e1g\u00e1t is n\u00f6veli.\u00a0<br>\u00c9tkez\u00e9si tejet 1,5%, 1,8%, 3,5% zs\u00edrtartalommal gy\u00e1rtunk 1 literes zsacsk\u00f3ba, 0,5L \u00e9s 1,5 literes PET palackba t\u00f6ltve.<br>\n<\/div>\n<\/div><\/div>\n<\/div>\n\n<\/div><div class=\"bde-advanced-tabs-content-71-179 bde-advanced-tabs-content\">\n<div tabindex=\"0\" role=\"tabpanel\" class=\"bde-tabs__panel js-panel\" id=\"\" hidden=\"\" aria-labelledby=\"\">\n  <div class=\"bde-columns-71-217 bde-columns\"><div class=\"bde-column-71-218 bde-column\">\n  \n\t\n\n\n\n<h1 class=\"bde-heading-71-219 bde-heading\">\nTejf\u00f6l\n<\/h1><div class=\"bde-text-71-220 bde-text\">\nA tejet paszt\u0151r\u00f6zz\u00fck, azaz h\u0151kezelj\u00fck. Ennek c\u00e9lja a tejben tal\u00e1lhat\u00f3 mikroorganizmusok sz\u00e1m\u00e1nak olyan szintre cs\u00f6kkent\u00e9se, ami m\u00e1r nem jelent eg\u00e9szs\u00e9g\u00fcgyi kock\u00e1zatot \u00e9s a term\u00e9k eltarthat\u00f3s\u00e1g\u00e1t is n\u00f6veli.\u00a0<br>\u00c9tkez\u00e9si tejet 1,5%, 1,8%, 3,5% zs\u00edrtartalommal gy\u00e1rtunk 1 literes zsacsk\u00f3ba, 0,5L \u00e9s 1,5 literes PET palackba t\u00f6ltve.<br>\n<\/div>\n<\/div><div class=\"bde-column-71-221 bde-column\">\n  \n\t\n\n\n\n<div class=\"bde-image-71-222 bde-image\">\n  \n\n\n\n\n\n<figure class=\"breakdance-image breakdance-image--220\">\n\t<div class=\"breakdance-image-container\">\n\t\t<div class=\"breakdance-image-clip\">\n\t\t\t\n\t\t\t\t\n\t\t\t\t\t      \n  \n  \n  \n  \n      \n      <img loading=\"lazy\" decoding=\"async\"\n      class=\"breakdance-image-object\"\n      src=\"https:\/\/lactis.ro\/wp-content\/uploads\/2024\/03\/smantana-kefir.png\"\n      width=\"840\"\n      height=\"631\"\n      \n      \n                                    srcset=\"https:\/\/lactis.ro\/wp-content\/uploads\/2024\/03\/smantana-kefir.png 840w, https:\/\/lactis.ro\/wp-content\/uploads\/2024\/03\/smantana-kefir-300x225.png 300w, https:\/\/lactis.ro\/wp-content\/uploads\/2024\/03\/smantana-kefir-768x577.png 768w\"\n                                                                      >\n  \n\n\t\t\t\t\t\n\t\t\t\t\t\t<\/div>\n\t<\/div>\n\n\t<\/figure>\n\n<\/div>\n<\/div><\/div>\n<\/div>\n\n<\/div><div class=\"bde-advanced-tabs-content-71-190 bde-advanced-tabs-content\">\n<div tabindex=\"0\" role=\"tabpanel\" class=\"bde-tabs__panel js-panel\" id=\"\" hidden=\"\" aria-labelledby=\"\">\n  <div class=\"bde-columns-71-223 bde-columns\"><div class=\"bde-column-71-224 bde-column\">\n  \n\t\n\n\n\n<div class=\"bde-image-71-225 bde-image\">\n  \n\n\n\n\n\n<figure class=\"breakdance-image breakdance-image--219\">\n\t<div class=\"breakdance-image-container\">\n\t\t<div class=\"breakdance-image-clip\">\n\t\t\t\n\t\t\t\t\n\t\t\t\t\t      \n  \n  \n  \n  \n      \n      <img loading=\"lazy\" decoding=\"async\"\n      class=\"breakdance-image-object\"\n      src=\"https:\/\/lactis.ro\/wp-content\/uploads\/2024\/03\/branza-lactis.png\"\n      width=\"840\"\n      height=\"631\"\n      \n      \n                                    srcset=\"https:\/\/lactis.ro\/wp-content\/uploads\/2024\/03\/branza-lactis.png 840w, https:\/\/lactis.ro\/wp-content\/uploads\/2024\/03\/branza-lactis-300x225.png 300w, https:\/\/lactis.ro\/wp-content\/uploads\/2024\/03\/branza-lactis-768x577.png 768w\"\n                                                                      >\n  \n\n\t\t\t\t\t\n\t\t\t\t\t\t<\/div>\n\t<\/div>\n\n\t<\/figure>\n\n<\/div>\n<\/div><div class=\"bde-column-71-226 bde-column\">\n  \n\t\n\n\n\n<h1 class=\"bde-heading-71-227 bde-heading\">\nT\u00far\u00f3\n<\/h1><div class=\"bde-text-71-228 bde-text\">\nA tejet paszt\u0151r\u00f6zz\u00fck, azaz h\u0151kezelj\u00fck. Ennek c\u00e9lja a tejben tal\u00e1lhat\u00f3 mikroorganizmusok sz\u00e1m\u00e1nak olyan szintre cs\u00f6kkent\u00e9se, ami m\u00e1r nem jelent eg\u00e9szs\u00e9g\u00fcgyi kock\u00e1zatot \u00e9s a term\u00e9k eltarthat\u00f3s\u00e1g\u00e1t is n\u00f6veli.\u00a0<br>\u00c9tkez\u00e9si tejet 1,5%, 1,8%, 3,5% zs\u00edrtartalommal gy\u00e1rtunk 1 literes zsacsk\u00f3ba, 0,5L \u00e9s 1,5 literes PET palackba t\u00f6ltve.<br>\n<\/div>\n<\/div><\/div>\n<\/div>\n\n<\/div><div class=\"bde-advanced-tabs-content-71-193 bde-advanced-tabs-content\">\n<div tabindex=\"0\" role=\"tabpanel\" class=\"bde-tabs__panel js-panel\" id=\"\" hidden=\"\" aria-labelledby=\"\">\n  <div class=\"bde-columns-71-229 bde-columns\"><div class=\"bde-column-71-232 bde-column\">\n  \n\t\n\n\n\n<h1 class=\"bde-heading-71-233 bde-heading\">\nVaj\n<\/h1><div class=\"bde-text-71-234 bde-text\">\nA tejet paszt\u0151r\u00f6zz\u00fck, azaz h\u0151kezelj\u00fck. Ennek c\u00e9lja a tejben tal\u00e1lhat\u00f3 mikroorganizmusok sz\u00e1m\u00e1nak olyan szintre cs\u00f6kkent\u00e9se, ami m\u00e1r nem jelent eg\u00e9szs\u00e9g\u00fcgyi kock\u00e1zatot \u00e9s a term\u00e9k eltarthat\u00f3s\u00e1g\u00e1t is n\u00f6veli.\u00a0<br>\u00c9tkez\u00e9si tejet 1,5%, 1,8%, 3,5% zs\u00edrtartalommal gy\u00e1rtunk 1 literes zsacsk\u00f3ba, 0,5L \u00e9s 1,5 literes PET palackba t\u00f6ltve.<br>\n<\/div>\n<\/div><div class=\"bde-column-71-230 bde-column\">\n  \n\t\n\n\n\n<div class=\"bde-image-71-231 bde-image\">\n  \n\n\n\n\n\n<figure class=\"breakdance-image breakdance-image--218\">\n\t<div class=\"breakdance-image-container\">\n\t\t<div class=\"breakdance-image-clip\">\n\t\t\t\n\t\t\t\t\n\t\t\t\t\t      \n  \n  \n  \n  \n      \n      <img loading=\"lazy\" decoding=\"async\"\n      class=\"breakdance-image-object\"\n      src=\"https:\/\/lactis.ro\/wp-content\/uploads\/2024\/03\/unt-lactis.png\"\n      width=\"840\"\n      height=\"631\"\n      \n      \n                                    srcset=\"https:\/\/lactis.ro\/wp-content\/uploads\/2024\/03\/unt-lactis.png 840w, https:\/\/lactis.ro\/wp-content\/uploads\/2024\/03\/unt-lactis-300x225.png 300w, https:\/\/lactis.ro\/wp-content\/uploads\/2024\/03\/unt-lactis-768x577.png 768w\"\n                                                                      >\n  \n\n\t\t\t\t\t\n\t\t\t\t\t\t<\/div>\n\t<\/div>\n\n\t<\/figure>\n\n<\/div>\n<\/div><\/div>\n<\/div>\n\n<\/div><div class=\"bde-advanced-tabs-content-71-196 bde-advanced-tabs-content\">\n<div tabindex=\"0\" role=\"tabpanel\" class=\"bde-tabs__panel js-panel\" id=\"\" hidden=\"\" aria-labelledby=\"\">\n  <h3 class=\"bde-heading-71-197 bde-heading\">\nTab Content\n<\/h3><div class=\"bde-text-71-198 bde-text\">\nThis is a basic text element.\n<\/div>\n<\/div>\n\n<\/div>\n<\/div>\n\n\n<\/div><\/div>\n<\/section>","protected":false},"excerpt":{"rendered":"<p>Produsele noastre Produsele noastre Misiunea noastra Este ca produsele noastre lactate proaspete \u0219i s\u0103n\u0103toase s\u0103 ajung\u0103 \u00een fiecare zi \u00een gospod\u0103riile locale.Materia prim\u0103 este laptele de vac\u0103 de \u00eenalt\u0103 calitate, achizi\u021bionat de la fermierii locali.Suntem m\u00e2ndri c\u0103 produsele noastre nu con\u021bin conservan\u021bi sau poten\u021biatori de stoc.Consumul produselor noastre lactate cu flora vie contribuie foarte mult [&hellip;]<\/p>","protected":false},"author":1,"featured_media":0,"parent":0,"menu_order":0,"comment_status":"closed","ping_status":"closed","template":"","meta":{"_breakdance_hide_in_design_set":false,"_breakdance_tags":"","footnotes":""},"class_list":["post-71","page","type-page","status-publish","hentry"],"_links":{"self":[{"href":"https:\/\/lactis.ro\/hu\/wp-json\/wp\/v2\/pages\/71","targetHints":{"allow":["GET"]}}],"collection":[{"href":"https:\/\/lactis.ro\/hu\/wp-json\/wp\/v2\/pages"}],"about":[{"href":"https:\/\/lactis.ro\/hu\/wp-json\/wp\/v2\/types\/page"}],"author":[{"embeddable":true,"href":"https:\/\/lactis.ro\/hu\/wp-json\/wp\/v2\/users\/1"}],"replies":[{"embeddable":true,"href":"https:\/\/lactis.ro\/hu\/wp-json\/wp\/v2\/comments?post=71"}],"version-history":[{"count":36,"href":"https:\/\/lactis.ro\/hu\/wp-json\/wp\/v2\/pages\/71\/revisions"}],"predecessor-version":[{"id":330,"href":"https:\/\/lactis.ro\/hu\/wp-json\/wp\/v2\/pages\/71\/revisions\/330"}],"wp:attachment":[{"href":"https:\/\/lactis.ro\/hu\/wp-json\/wp\/v2\/media?parent=71"}],"curies":[{"name":"wp","href":"https:\/\/api.w.org\/{rel}","templated":true}]}}