{"id":79,"date":"2024-03-14T12:18:30","date_gmt":"2024-03-14T12:18:30","guid":{"rendered":"https:\/\/lactis.ro\/?page_id=79"},"modified":"2024-04-12T17:11:55","modified_gmt":"2024-04-12T17:11:55","slug":"contact-lactate-naturale","status":"publish","type":"page","link":"https:\/\/lactis.ro\/hu\/contact-lactate-naturale\/","title":{"rendered":"Contact &#8211; Lactate naturale"},"content":{"rendered":"<section class=\"bde-section-79-100 bde-section\">\n  \n\t\n\n\n\n<div class=\"section-container\"><div class=\"bde-div-79-102 bde-div\">\n  \n\t\n\n\n\n<h1 class=\"bde-heading-79-103 bde-heading\">\nEl\u00e9rhet\u0151s\u00e9g\n<\/h1>\n<\/div><\/div>\n<\/section><section class=\"bde-section-79-106 bde-section\">\n  \n\t\n\n\n\n<div class=\"section-container\"><div class=\"bde-columns-79-107 bde-columns\"><div class=\"bde-column-79-108 bde-column\">\n  \n\t\n\n\n\n<div class=\"bde-image-79-111 bde-image\">\n  \n\n\n\n\n\n<figure class=\"breakdance-image breakdance-image--90\">\n\t<div class=\"breakdance-image-container\">\n\t\t<div class=\"breakdance-image-clip\">\n\t\t\t\n\t\t\t\t\n\t\t\t\t\t      \n  \n  \n  \n  \n      \n      <img loading=\"lazy\" decoding=\"async\"\n      class=\"breakdance-image-object\"\n      src=\"https:\/\/lactis.ro\/wp-content\/uploads\/2024\/03\/lactis-contact-pin.png\"\n      width=\"101\"\n      height=\"101\"\n      \n      \n                                                                  >\n  \n\n\t\t\t\t\t\n\t\t\t\t\t\t<\/div>\n\t<\/div>\n\n\t<\/figure>\n\n<\/div><div class=\"bde-text-79-114 bde-text\">\nSz\u00e9kelyudvarhely<br>(Bethlenfalvi \u00fat, 31 sz\u00e1m)\n<\/div>\n<\/div><div class=\"bde-column-79-109 bde-column\">\n  \n\t\n\n\n\n<div class=\"bde-image-79-112 bde-image\">\n  \n\n\n\n\n\n<figure class=\"breakdance-image breakdance-image--89\">\n\t<div class=\"breakdance-image-container\">\n\t\t<div class=\"breakdance-image-clip\">\n\t\t\t\n\t\t\t\t\n\t\t\t\t\t      \n  \n  \n  \n  \n      \n      <img loading=\"lazy\" decoding=\"async\"\n      class=\"breakdance-image-object\"\n      src=\"https:\/\/lactis.ro\/wp-content\/uploads\/2024\/03\/lactis-contact-mail.png\"\n      width=\"101\"\n      height=\"101\"\n      \n      \n                                                                  >\n  \n\n\t\t\t\t\t\n\t\t\t\t\t\t<\/div>\n\t<\/div>\n\n\t<\/figure>\n\n<\/div><div class=\"bde-text-79-115 bde-text\">\noffice@lactis.ro<br>desfacere@lactis.ro<br>productie@lactis.ro\n<\/div>\n<\/div><div class=\"bde-column-79-110 bde-column\">\n  \n\t\n\n\n\n<div class=\"bde-image-79-113 bde-image\">\n  \n\n\n\n\n\n<figure class=\"breakdance-image breakdance-image--88\">\n\t<div class=\"breakdance-image-container\">\n\t\t<div class=\"breakdance-image-clip\">\n\t\t\t\n\t\t\t\t\n\t\t\t\t\t      \n  \n  \n  \n  \n      \n      <img loading=\"lazy\" decoding=\"async\"\n      class=\"breakdance-image-object\"\n      src=\"https:\/\/lactis.ro\/wp-content\/uploads\/2024\/03\/lactis-contact-phone.png\"\n      width=\"101\"\n      height=\"101\"\n      \n      \n                                                                  >\n  \n\n\t\t\t\t\t\n\t\t\t\t\t\t<\/div>\n\t<\/div>\n\n\t<\/figure>\n\n<\/div><div class=\"bde-text-79-116 bde-text\">\n0744 559 221<br>0266 216 011<br>\n<\/div>\n<\/div><\/div><\/div>\n<\/section><section class=\"bde-section-79-121 bde-section\">\n  \n\t\n\n\n\n<div class=\"section-container\"><div class=\"bde-columns-79-125 bde-columns\"><div class=\"bde-column-79-126 bde-column\">\n  \n\t\n\n\n\n<div class=\"bde-text-79-129 bde-text\">\nBemutat\u00f3 \u00fczlet\u00fcnk:<br>\n<\/div><div class=\"bde-text-79-130 bde-text\">\nMivel c\u00e9g\u00fcnknek mindig is fontos volt, hogy a helybeli v\u00e1s\u00e1rl\u00f3ink egyszer\u0171en, gyorsan juthassanak friss,\neg\u00e9szseges tejterm\u00e9kekhez, 2016-ban c\u00e9g\u00fcnk sz\u00e9khely\u00e9n (Bethlenfalvi \u00fat, 31 sz\u00e1m) megnyitottuk bemutat\u00f3 \u00fczlet\u00fcnket.<br>-<br>Itt kedves vasarl\u00f3ink megtal\u00e1lhatj\u00e1k tejterm\u00e9keinket nagy v\u00e1laszt\u00e9kban, termel\u0151i \u00e1ron.<br>\n<\/div>\n<\/div><div class=\"bde-column-79-127 bde-column\">\n  \n\t\n\n\n\n<div class=\"bde-image-79-128 bde-image\">\n  \n\n\n\n\n\n<figure class=\"breakdance-image breakdance-image--184\">\n\t<div class=\"breakdance-image-container\">\n\t\t<div class=\"breakdance-image-clip\">\n\t\t\t\n\t\t\t\t\n\t\t\t\t\t      \n  \n  \n  \n  \n      \n      <img loading=\"lazy\" decoding=\"async\"\n      class=\"breakdance-image-object\"\n      src=\"https:\/\/lactis.ro\/wp-content\/uploads\/2024\/03\/lactis-contact-image.png\"\n      width=\"1675\"\n      height=\"572\"\n      \n      \n                                    srcset=\"https:\/\/lactis.ro\/wp-content\/uploads\/2024\/03\/lactis-contact-image.png 1675w, https:\/\/lactis.ro\/wp-content\/uploads\/2024\/03\/lactis-contact-image-300x102.png 300w, https:\/\/lactis.ro\/wp-content\/uploads\/2024\/03\/lactis-contact-image-1024x350.png 1024w, https:\/\/lactis.ro\/wp-content\/uploads\/2024\/03\/lactis-contact-image-768x262.png 768w, https:\/\/lactis.ro\/wp-content\/uploads\/2024\/03\/lactis-contact-image-1536x525.png 1536w\"\n                                                                      >\n  \n\n\t\t\t\t\t\n\t\t\t\t\t\t<\/div>\n\t<\/div>\n\n\t<\/figure>\n\n<\/div>\n<\/div><\/div><\/div>\n<\/section><section class=\"bde-section-79-117 bde-section\">\n  \n\t\n\n\n\n<div class=\"section-container\"><div class=\"bde-google-map-79-118 bde-google-map\">\n\r\n<iframe width=\"100%\" height=\"100%\" style=\"border:0\" loading=\"lazy\" src=\"https:\/\/maps.google.com\/maps?q=Odorheiu+Secuiesc&t=m&z=14&output=embed&iwloc=near\" allowfullscreen><\/iframe>\n\n<\/div><\/div>\n<\/section>","protected":false},"excerpt":{"rendered":"<p>Contact Odorheiu Secuiesc,(Strada Bethlenfalvi, nr. 31) office@lactis.rodesfacere@lactis.roproductie@lactis.ro 0744 559 2210266 216 011 Magazinul nostru de prezentare: Deoarece a fost \u00eentotdeauna important pentru compania noastr\u0103 ca clien\u021bii no\u0219tri locali s\u0103 poat\u0103 fi proasp\u0103t u\u0219or \u0219i rapid, pentru produse lactate s\u0103n\u0103toase, \u00een 2016 am deschis la sediul firmei noastre (Bethlenfalvi \u00fat, 31 nr.ar\u0103t\u00e2nd magazinul nostru.Aici, dr\u0103g\u0103la\u0219ii no\u0219tri [&hellip;]<\/p>","protected":false},"author":1,"featured_media":0,"parent":0,"menu_order":0,"comment_status":"closed","ping_status":"closed","template":"","meta":{"_breakdance_hide_in_design_set":false,"_breakdance_tags":"","footnotes":""},"class_list":["post-79","page","type-page","status-publish","hentry"],"_links":{"self":[{"href":"https:\/\/lactis.ro\/hu\/wp-json\/wp\/v2\/pages\/79","targetHints":{"allow":["GET"]}}],"collection":[{"href":"https:\/\/lactis.ro\/hu\/wp-json\/wp\/v2\/pages"}],"about":[{"href":"https:\/\/lactis.ro\/hu\/wp-json\/wp\/v2\/types\/page"}],"author":[{"embeddable":true,"href":"https:\/\/lactis.ro\/hu\/wp-json\/wp\/v2\/users\/1"}],"replies":[{"embeddable":true,"href":"https:\/\/lactis.ro\/hu\/wp-json\/wp\/v2\/comments?post=79"}],"version-history":[{"count":19,"href":"https:\/\/lactis.ro\/hu\/wp-json\/wp\/v2\/pages\/79\/revisions"}],"predecessor-version":[{"id":211,"href":"https:\/\/lactis.ro\/hu\/wp-json\/wp\/v2\/pages\/79\/revisions\/211"}],"wp:attachment":[{"href":"https:\/\/lactis.ro\/hu\/wp-json\/wp\/v2\/media?parent=79"}],"curies":[{"name":"wp","href":"https:\/\/api.w.org\/{rel}","templated":true}]}}