{"id":94,"date":"2024-03-14T12:37:16","date_gmt":"2024-03-14T12:37:16","guid":{"rendered":"https:\/\/lactis.ro\/?page_id=94"},"modified":"2024-04-12T17:17:55","modified_gmt":"2024-04-12T17:17:55","slug":"blog-lactis-lactate-naturale","status":"publish","type":"page","link":"https:\/\/lactis.ro\/hu\/blog-lactis-lactate-naturale\/","title":{"rendered":"Blog Lactis &#8211; Lactate naturale"},"content":{"rendered":"<section class=\"bde-section-94-100 bde-section\">\n  \n\t\n\n\n\n<div class=\"section-container\"><div class=\"bde-div-94-101 bde-div\">\n  \n\t\n\n\n\n<h1 class=\"bde-heading-94-102 bde-heading\">\nCikkek\n<\/h1>\n<\/div><\/div>\n<\/section><section class=\"bde-section-94-103 bde-section\">\n  \n\t\n\n\n\n<div class=\"section-container\"><h1 class=\"bde-heading-94-104 bde-heading\">\nLactis Cikkek\n<\/h1><div class=\"bde-text-94-107 bde-text\">\nItt tal\u00e1lod meg az \u00e1ltalunk \u00edrt cikkeket\n<\/div><\/div>\n<\/section><section class=\"bde-section-94-105 bde-section\">\n  \n\t\n\n\n\n<div class=\"section-container\"><div class=\"bde-post-list-94-108 bde-post-list\">\n<div class=\"ee-posts ee-posts-grid\">    <article class=\"ee-post\">\n        \n                                <a class=\"ee-post-image-link\" href=\"https:\/\/lactis.ro\/hu\/iskolatej-maskepp-tarsadalmi-felelosegvallalas-program-lactis-termekekkel-2\/\">\n                <div class=\"ee-post-image\">\n                     <img loading=\"lazy\" decoding=\"async\" src=\"data:image\/svg+xml;base64,PHN2ZyB4bWxucz0iaHR0cDovL3d3dy53My5vcmcvMjAwMC9zdmciIHdpZHRoPSI1NDAiIGhlaWdodD0iNTQwIiB2aWV3Qm94PSIwIDAgMTQwIDE0MCI+PHBhdGggZD0iTTAgMGgxNDB2MTQwSDB6IiBmaWxsPSIjZTVlN2ViIi8+PHBhdGggZD0iTTg4IDgyLjQ2SDUxLjh2LTQuNTJsNi43NC02Ljc0YTEuMTMgMS4xMyAwIDAxMS42IDBsNS4yMyA1LjIzIDEyLjc2LTEyLjc3YTEuMTMgMS4xMyAwIDAxMS42IDBMODggNzEuOTF6IiBmaWxsPSIjZTVlN2ViIi8+PHBhdGggZD0iTTg5LjQ4IDUyLjMySDUwLjI5YTQuNTIgNC41MiAwIDAwLTQuNTIgNC41MlY4NGE0LjUzIDQuNTMgMCAwMDQuNTIgNC41MmgzOS4xOUE0LjUyIDQuNTIgMCAwMDk0IDg0VjU2Ljg0YTQuNTIgNC41MiAwIDAwLTQuNTItNC41MnptLTMzLjE2IDUuMjdhNS4yOCA1LjI4IDAgMTEtNS4yNyA1LjI4IDUuMjcgNS4yNyAwIDAxNS4yNy01LjI4ek04OCA4Mi40Nkg1MS44di00LjUybDYuNzQtNi43NGExLjEzIDEuMTMgMCAwMTEuNiAwbDUuMjMgNS4yMyAxMi43Ni0xMi43N2ExLjEzIDEuMTMgMCAwMTEuNiAwTDg4IDcxLjkxeiIgZmlsbD0iI2QxZDVkYiIvPjwvc3ZnPg==\" width=\"540\" height=\"540\" alt=\"\">                <\/div>\n            <\/a>\n        \n        \n        <div class=\"ee-post-wrap\">\n            \n                            <h3 class=\"ee-post-title\">\n                    <a class=\"ee-post-title-link\" href=\"https:\/\/lactis.ro\/hu\/iskolatej-maskepp-tarsadalmi-felelosegvallalas-program-lactis-termekekkel-2\/\" target=\"_blank\">\n                        \u201eIskolatej m\u00e1sk\u00e9pp\u201d \u2013 t\u00e1rsadalmi felel\u0151s\u00e9gv\u00e1llal\u00e1s program Lactis term\u00e9kekkel                    <\/a>\n                <\/h3>\n                            <div class=\"ee-post-content\">\n                    \u201eIskolatej m\u00e1sk\u00e9pp\u201d \u2013 t\u00e1rsadalmi felel\u0151s\u00e9gv\u00e1llal\u00e1s program Lactis term\u00e9kekkel A program c\u00e9lja: Tejterm\u00e9ket biztositani a gyermekeknek, a Lactis 330-as term\u00e9keinek a forgalm\u00e1b\u00f3l.Minden 330-as Lactis-os joghurt, sana, vagy kefir elad\u00e1sa ut\u00e1n f\u00e9l [...]                <\/div>\n            \n    \n                                    \n    \n    \n    \n    \n            \n                    \n            \n            \n\n    \n    \n    \n    \n    <a class=\"breakdance-link button-atom button-atom--custom ee-post-button\" href=\"https:\/\/lactis.ro\/hu\/iskolatej-maskepp-tarsadalmi-felelosegvallalas-program-lactis-termekekkel-2\/\" target=\"_self\" data-type=\"\"  >\n\n    \n        <span class=\"button-atom__text\">Read more<\/span>\n\n        \n        \n                <\/a>\n\n    \n\n\n\n\n            \n        <\/div>\n\n            <\/article>\n\n    <article class=\"ee-post\">\n        \n                                <a class=\"ee-post-image-link\" href=\"https:\/\/lactis.ro\/hu\/iskolatej-maskepp-tarsadalmi-felelosegvallalas-program-lactis-termekekkel\/\">\n                <div class=\"ee-post-image\">\n                    <img loading=\"lazy\" decoding=\"async\" width=\"722\" height=\"477\" src=\"https:\/\/lactis.ro\/wp-content\/uploads\/2024\/03\/lactis-iskolatej-maskepp.webp\" class=\"attachment-full size-full wp-post-image\" alt=\"\" srcset=\"https:\/\/lactis.ro\/wp-content\/uploads\/2024\/03\/lactis-iskolatej-maskepp.webp 722w, https:\/\/lactis.ro\/wp-content\/uploads\/2024\/03\/lactis-iskolatej-maskepp-300x198.webp 300w\" sizes=\"auto, (max-width: 722px) 100vw, 722px\" \/>                <\/div>\n            <\/a>\n        \n        \n        <div class=\"ee-post-wrap\">\n            \n                            <h3 class=\"ee-post-title\">\n                    <a class=\"ee-post-title-link\" href=\"https:\/\/lactis.ro\/hu\/iskolatej-maskepp-tarsadalmi-felelosegvallalas-program-lactis-termekekkel\/\" target=\"_blank\">\n                        Lapte de scoala altfel &#8211; program de responsabilitate social\u0103 cu produse Lactis                    <\/a>\n                <\/h3>\n                            <div class=\"ee-post-content\">\n                    \"Lapte de scoala altfel\" - program de responsabilitate social\u0103 cu produse Lactis Scopul programului: Asigurarea produselor lactate pentru copii din veniturile ob\u021binute din v\u00e2nzarea produselor Lactis 330. Pentru fiecare iaurt, [...]                <\/div>\n            \n    \n                                    \n    \n    \n    \n    \n            \n                    \n            \n            \n\n    \n    \n    \n    \n    <a class=\"breakdance-link button-atom button-atom--custom ee-post-button\" href=\"https:\/\/lactis.ro\/hu\/iskolatej-maskepp-tarsadalmi-felelosegvallalas-program-lactis-termekekkel\/\" target=\"_self\" data-type=\"\"  >\n\n    \n        <span class=\"button-atom__text\">Read more<\/span>\n\n        \n        \n                <\/a>\n\n    \n\n\n\n\n            \n        <\/div>\n\n            <\/article>\n\n<\/div>\n<\/div><\/div>\n<\/section>","protected":false},"excerpt":{"rendered":"<p>&#8222;Lapte de scoala altfel&#8221; &#8211; program de responsabilitate social\u0103 cu produse Lactis Scopul programului: Asigurarea produselor lactate pentru copii din veniturile ob\u021binute din v\u00e2nzarea produselor Lactis 330. Pentru fiecare iaurt, sana sau chefir Lactis 330 v\u00e2ndut, vom livra jum\u0103tate de pahar (100 ml) de lapte reziden\u021bilor caselor de copii. Distribuirea produselor lactate va fi f\u0103cut\u0103 [&hellip;]<\/p>","protected":false},"author":1,"featured_media":0,"parent":0,"menu_order":0,"comment_status":"closed","ping_status":"closed","template":"","meta":{"_breakdance_hide_in_design_set":false,"_breakdance_tags":"","footnotes":""},"class_list":["post-94","page","type-page","status-publish","hentry"],"_links":{"self":[{"href":"https:\/\/lactis.ro\/hu\/wp-json\/wp\/v2\/pages\/94","targetHints":{"allow":["GET"]}}],"collection":[{"href":"https:\/\/lactis.ro\/hu\/wp-json\/wp\/v2\/pages"}],"about":[{"href":"https:\/\/lactis.ro\/hu\/wp-json\/wp\/v2\/types\/page"}],"author":[{"embeddable":true,"href":"https:\/\/lactis.ro\/hu\/wp-json\/wp\/v2\/users\/1"}],"replies":[{"embeddable":true,"href":"https:\/\/lactis.ro\/hu\/wp-json\/wp\/v2\/comments?post=94"}],"version-history":[{"count":7,"href":"https:\/\/lactis.ro\/hu\/wp-json\/wp\/v2\/pages\/94\/revisions"}],"predecessor-version":[{"id":212,"href":"https:\/\/lactis.ro\/hu\/wp-json\/wp\/v2\/pages\/94\/revisions\/212"}],"wp:attachment":[{"href":"https:\/\/lactis.ro\/hu\/wp-json\/wp\/v2\/media?parent=94"}],"curies":[{"name":"wp","href":"https:\/\/api.w.org\/{rel}","templated":true}]}}